{"id":715,"date":"2014-08-29T03:42:30","date_gmt":"2014-08-29T03:42:30","guid":{"rendered":"http:\/\/produccion.desarrollowebchile.cl\/proyectos\/charles\/vedetech\/?page_id=715"},"modified":"2014-08-29T03:42:30","modified_gmt":"2014-08-29T03:42:30","slug":"filtracion","status":"publish","type":"page","link":"https:\/\/www.vedetech.cl\/?page_id=715","title":{"rendered":"Filtraci\u00f3n"},"content":{"rendered":"<p style=\"text-align: justify;\">Los costes de energ\u00eda de una estaci\u00f3n de aire comprimido se ven influenciados de manera importante por la p\u00e9rdida de presi\u00f3n que implica la filtraci\u00f3n del aire. Los compresores deber\u00e1n compensar esas p\u00e9rdidas de presi\u00f3n con el fin de mantenerla al nivel exigido para el funcionamiento de la instalaci\u00f3n.<\/p>\n<p style=\"text-align: justify;\">Las consecuencias: un mayor consumo energ\u00e9tico, desgaste prematuro del compresor y, en consecuencia, un aumento de los costes. La mejor soluci\u00f3n: Los filtros de aire comprimido CLEARPOINT de BEKO TECHNOLOGIES.<\/p>\n<div class=\"element element-post_grid themeblvd-gallery boxed-layout\"><div class=\"element-inner\"><div class=\"element-inner-wrap\"><div class=\"grid-protection\"><div class=\"post_grid\"><div class=\"grid-row\"><div class=\"grid-item column grid_4\">\n\t<div class=\"article-wrap\">\n\t\t<article id=\"post-624\" class=\"post-624 post type-post status-publish format-standard has-post-thumbnail hentry category-filtracion\">\n\t\t\t<div class=\"featured-image-wrapper attachment-grid_4 wp-post-image thumbnail\"><div class=\"featured-image\"><div class=\"featured-image-inner\"><img loading=\"lazy\" decoding=\"async\" width=\"169\" height=\"152\" src=\"https:\/\/www.vedetech.cl\/wp-content\/uploads\/2014\/08\/clearpoint1.jpg\" class=\" wp-post-image\" alt=\"\" \/><\/div><!-- .featured-image-inner (end) --><\/div><!-- .featured-image (end) --><\/div><!-- .featured-image-wrapper (end) -->\t\t\t<div class=\"entry-content\">\n\t\t\t\t\t\t\t\t\t<h2 class=\"entry-title\"><a href=\"https:\/\/www.vedetech.cl\/?p=624\" title=\"CLEARPOINT\">CLEARPOINT<\/a><\/h2>\n\t\t\t\t\t\t\t\t\t\t\t\t\t<div class=\"excerpt\">\n\t\t\t\t\t\t<p>Galer\u00eda de Fotos &#8211; ClearPoint<\/p>\n\t\t\t\t\t<\/div>\n\t\t\t\t\t\t\t\t\t\t\t<\/div><!-- .entry-content -->\n\t\t<\/article><!-- #post-624 -->\n\t<\/div><!-- .article-wrap (end) -->\n<\/div><!-- .grid-item (end) --><div class=\"grid-item column grid_4\">\n\t<div class=\"article-wrap\">\n\t\t<article id=\"post-708\" class=\"post-708 post type-post status-publish format-standard has-post-thumbnail hentry category-filtracion\">\n\t\t\t<div class=\"featured-image-wrapper attachment-grid_4 wp-post-image thumbnail\"><div class=\"featured-image\"><div class=\"featured-image-inner\"><img loading=\"lazy\" decoding=\"async\" width=\"169\" height=\"152\" src=\"https:\/\/www.vedetech.cl\/wp-content\/uploads\/2014\/08\/filtros1.jpg\" class=\" wp-post-image\" alt=\"\" \/><\/div><!-- .featured-image-inner (end) --><\/div><!-- .featured-image (end) --><\/div><!-- .featured-image-wrapper (end) -->\t\t\t<div class=\"entry-content\">\n\t\t\t\t\t\t\t\t\t<h2 class=\"entry-title\"><a href=\"https:\/\/www.vedetech.cl\/?p=708\" title=\"Filtros de Alta Presi\u00f3n\">Filtros de Alta Presi\u00f3n<\/a><\/h2>\n\t\t\t\t\t\t\t\t\t\t\t\t\t<div class=\"excerpt\">\n\t\t\t\t\t\t\t\t\t\t\t<\/div>\n\t\t\t\t\t\t\t\t\t\t\t<\/div><!-- .entry-content -->\n\t\t<\/article><!-- #post-708 -->\n\t<\/div><!-- .article-wrap (end) -->\n<\/div><!-- .grid-item (end) --><div class=\"grid-item column grid_4 last\">\n\t<div class=\"article-wrap\">\n\t\t<article id=\"post-711\" class=\"post-711 post type-post status-publish format-standard has-post-thumbnail hentry category-filtracion\">\n\t\t\t<div class=\"featured-image-wrapper attachment-grid_4 wp-post-image thumbnail\"><div class=\"featured-image\"><div class=\"featured-image-inner\"><img loading=\"lazy\" decoding=\"async\" width=\"169\" height=\"152\" src=\"https:\/\/www.vedetech.cl\/wp-content\/uploads\/2014\/08\/clearpointV1.jpg\" class=\" wp-post-image\" alt=\"\" \/><\/div><!-- .featured-image-inner (end) --><\/div><!-- .featured-image (end) --><\/div><!-- .featured-image-wrapper (end) -->\t\t\t<div class=\"entry-content\">\n\t\t\t\t\t\t\t\t\t<h2 class=\"entry-title\"><a href=\"https:\/\/www.vedetech.cl\/?p=711\" title=\"CLEARPOINT V\">CLEARPOINT V<\/a><\/h2>\n\t\t\t\t\t\t\t\t\t\t\t\t\t<div class=\"excerpt\">\n\t\t\t\t\t\t\t\t\t\t\t<\/div>\n\t\t\t\t\t\t\t\t\t\t\t<\/div><!-- .entry-content -->\n\t\t<\/article><!-- #post-711 -->\n\t<\/div><!-- .article-wrap (end) -->\n<\/div><!-- .grid-item (end) --><div class=\"clear\"><\/div><\/div><!-- .grid-row (end) --><\/div><!-- .post_grid (end) --><\/div><!-- .grid-protection (end) --><\/div><!-- .element-inner-wrap (end) --><\/div><!-- .element-inner (end) --><\/div><!-- .element (end) -->\n","protected":false},"excerpt":{"rendered":"<p>Los costes de energ\u00eda de una estaci\u00f3n de aire comprimido se ven influenciados de manera importante por la p\u00e9rdida de presi\u00f3n que implica la filtraci\u00f3n del aire. Los compresores deber\u00e1n compensar esas p\u00e9rdidas de presi\u00f3n con el fin de mantenerla al nivel exigido para el funcionamiento de la instalaci\u00f3n. Las consecuencias: un mayor consumo energ\u00e9tico, [&hellip;]<\/p>\n","protected":false},"author":1,"featured_media":0,"parent":0,"menu_order":0,"comment_status":"closed","ping_status":"open","template":"","meta":{"ngg_post_thumbnail":0,"_joinchat":[],"footnotes":""},"class_list":["post-715","page","type-page","status-publish","hentry"],"_links":{"self":[{"href":"https:\/\/www.vedetech.cl\/index.php?rest_route=\/wp\/v2\/pages\/715","targetHints":{"allow":["GET"]}}],"collection":[{"href":"https:\/\/www.vedetech.cl\/index.php?rest_route=\/wp\/v2\/pages"}],"about":[{"href":"https:\/\/www.vedetech.cl\/index.php?rest_route=\/wp\/v2\/types\/page"}],"author":[{"embeddable":true,"href":"https:\/\/www.vedetech.cl\/index.php?rest_route=\/wp\/v2\/users\/1"}],"replies":[{"embeddable":true,"href":"https:\/\/www.vedetech.cl\/index.php?rest_route=%2Fwp%2Fv2%2Fcomments&post=715"}],"version-history":[{"count":0,"href":"https:\/\/www.vedetech.cl\/index.php?rest_route=\/wp\/v2\/pages\/715\/revisions"}],"wp:attachment":[{"href":"https:\/\/www.vedetech.cl\/index.php?rest_route=%2Fwp%2Fv2%2Fmedia&parent=715"}],"curies":[{"name":"wp","href":"https:\/\/api.w.org\/{rel}","templated":true}]}}