{"id":908,"date":"2014-08-29T17:46:23","date_gmt":"2014-08-29T17:46:23","guid":{"rendered":"http:\/\/produccion.desarrollowebchile.cl\/proyectos\/charles\/vedetech\/?page_id=908"},"modified":"2014-08-29T17:46:23","modified_gmt":"2014-08-29T17:46:23","slug":"tecnica-de-medicion","status":"publish","type":"page","link":"https:\/\/www.vedetech.cl\/?page_id=908","title":{"rendered":"T\u00e9cnica de Medici\u00f3n"},"content":{"rendered":"<p style=\"text-align: justify;\">La clave para el \u00e9xito en la optimizaci\u00f3n de redes de aire comprimido son los datos. El programa de t\u00e9cnica de medici\u00f3n <strong>METPOINT<\/strong><sup>\u00ae<\/sup>\u00a0suministra una base de datos sobre la que valorar y asegurar la calidad del aire comprimido, as\u00ed como para identificar posibles factores generadores de costes. La t\u00e9cnica de medici\u00f3n tambi\u00e9n puede utilizarse al acometer ampliaciones de las instalaciones y para que las reparaciones de posibles aver\u00edas puedan llevarse a cabo a tiempo.<\/p>\n<p style=\"text-align: justify;\">Las razones principales para hacer uso de la t\u00e9cnica de medici\u00f3n son los requisitos de eficiencia energ\u00e9tica, la calidad y la seguridad de procesos del aire comprimido. Para vigilar la calidad, se miden par\u00e1metros como por ejemplo el contenido residual de aceite (vapor de aceite), humedad, temperatura y punto de roc\u00edo. Al vigilar el consumo energ\u00e9tico, registramos la velocidad del flujo, el consumo actual y total y descubrimos fugas. En el caso de aire respirable para uso m\u00e9dico, vigilamos y protocolizamos los valores l\u00edmite de la Pharmacopoeia.<\/p>\n<p>&nbsp;<\/p>\n<div class=\"element element-post_grid themeblvd-gallery boxed-layout\"><div class=\"element-inner\"><div class=\"element-inner-wrap\"><div class=\"grid-protection\"><div class=\"post_grid\"><div class=\"grid-row\"><div class=\"grid-item column grid_4\">\n\t<div class=\"article-wrap\">\n\t\t<article id=\"post-867\" class=\"post-867 post type-post status-publish format-standard has-post-thumbnail hentry category-tecnica-de-medicion\">\n\t\t\t<div class=\"featured-image-wrapper attachment-grid_4 wp-post-image thumbnail\"><div class=\"featured-image\"><div class=\"featured-image-inner\"><img loading=\"lazy\" decoding=\"async\" width=\"169\" height=\"152\" src=\"https:\/\/www.vedetech.cl\/wp-content\/uploads\/2014\/08\/metpointbdl1.jpg\" class=\" wp-post-image\" alt=\"\" \/><\/div><!-- .featured-image-inner (end) --><\/div><!-- .featured-image (end) --><\/div><!-- .featured-image-wrapper (end) -->\t\t\t<div class=\"entry-content\">\n\t\t\t\t\t\t\t\t\t<h2 class=\"entry-title\"><a href=\"https:\/\/www.vedetech.cl\/?p=867\" title=\"METPOINT BDL\">METPOINT BDL<\/a><\/h2>\n\t\t\t\t\t\t\t\t\t\t\t\t\t<div class=\"excerpt\">\n\t\t\t\t\t\t\t\t\t\t\t<\/div>\n\t\t\t\t\t\t\t\t\t\t\t<\/div><!-- .entry-content -->\n\t\t<\/article><!-- #post-867 -->\n\t<\/div><!-- .article-wrap (end) -->\n<\/div><!-- .grid-item (end) --><div class=\"grid-item column grid_4\">\n\t<div class=\"article-wrap\">\n\t\t<article id=\"post-871\" class=\"post-871 post type-post status-publish format-standard has-post-thumbnail hentry category-tecnica-de-medicion\">\n\t\t\t<div class=\"featured-image-wrapper attachment-grid_4 wp-post-image thumbnail\"><div class=\"featured-image\"><div class=\"featured-image-inner\"><img loading=\"lazy\" decoding=\"async\" width=\"169\" height=\"152\" src=\"https:\/\/www.vedetech.cl\/wp-content\/uploads\/2014\/08\/foto121.jpg\" class=\" wp-post-image\" alt=\"\" \/><\/div><!-- .featured-image-inner (end) --><\/div><!-- .featured-image (end) --><\/div><!-- .featured-image-wrapper (end) -->\t\t\t<div class=\"entry-content\">\n\t\t\t\t\t\t\t\t\t<h2 class=\"entry-title\"><a href=\"https:\/\/www.vedetech.cl\/?p=871\" title=\"METPOINT DPM\">METPOINT DPM<\/a><\/h2>\n\t\t\t\t\t\t\t\t\t\t\t\t\t<div class=\"excerpt\">\n\t\t\t\t\t\t\t\t\t\t\t<\/div>\n\t\t\t\t\t\t\t\t\t\t\t<\/div><!-- .entry-content -->\n\t\t<\/article><!-- #post-871 -->\n\t<\/div><!-- .article-wrap (end) -->\n<\/div><!-- .grid-item (end) --><div class=\"grid-item column grid_4 last\">\n\t<div class=\"article-wrap\">\n\t\t<article id=\"post-885\" class=\"post-885 post type-post status-publish format-standard has-post-thumbnail hentry category-tecnica-de-medicion\">\n\t\t\t<div class=\"featured-image-wrapper attachment-grid_4 wp-post-image thumbnail\"><div class=\"featured-image\"><div class=\"featured-image-inner\"><img loading=\"lazy\" decoding=\"async\" width=\"169\" height=\"152\" src=\"https:\/\/www.vedetech.cl\/wp-content\/uploads\/2014\/08\/foto131.jpg\" class=\" wp-post-image\" alt=\"\" \/><\/div><!-- .featured-image-inner (end) --><\/div><!-- .featured-image (end) --><\/div><!-- .featured-image-wrapper (end) -->\t\t\t<div class=\"entry-content\">\n\t\t\t\t\t\t\t\t\t<h2 class=\"entry-title\"><a href=\"https:\/\/www.vedetech.cl\/?p=885\" title=\"METPOINT FLM\">METPOINT FLM<\/a><\/h2>\n\t\t\t\t\t\t\t\t\t\t\t\t\t<div class=\"excerpt\">\n\t\t\t\t\t\t\t\t\t\t\t<\/div>\n\t\t\t\t\t\t\t\t\t\t\t<\/div><!-- .entry-content -->\n\t\t<\/article><!-- #post-885 -->\n\t<\/div><!-- .article-wrap (end) -->\n<\/div><!-- .grid-item (end) --><div class=\"clear\"><\/div><\/div><!-- .grid-row (end) --><div class=\"grid-row\"><div class=\"grid-item column grid_4\">\n\t<div class=\"article-wrap\">\n\t\t<article id=\"post-891\" class=\"post-891 post type-post status-publish format-standard has-post-thumbnail hentry category-tecnica-de-medicion\">\n\t\t\t<div class=\"featured-image-wrapper attachment-grid_4 wp-post-image thumbnail\"><div class=\"featured-image\"><div class=\"featured-image-inner\"><img loading=\"lazy\" decoding=\"async\" width=\"169\" height=\"152\" src=\"https:\/\/www.vedetech.cl\/wp-content\/uploads\/2014\/08\/foto141.jpg\" class=\" wp-post-image\" alt=\"\" \/><\/div><!-- .featured-image-inner (end) --><\/div><!-- .featured-image (end) --><\/div><!-- .featured-image-wrapper (end) -->\t\t\t<div class=\"entry-content\">\n\t\t\t\t\t\t\t\t\t<h2 class=\"entry-title\"><a href=\"https:\/\/www.vedetech.cl\/?p=891\" title=\"METPOINT LKD\">METPOINT LKD<\/a><\/h2>\n\t\t\t\t\t\t\t\t\t\t\t\t\t<div class=\"excerpt\">\n\t\t\t\t\t\t\t\t\t\t\t<\/div>\n\t\t\t\t\t\t\t\t\t\t\t<\/div><!-- .entry-content -->\n\t\t<\/article><!-- #post-891 -->\n\t<\/div><!-- .article-wrap (end) -->\n<\/div><!-- .grid-item (end) --><div class=\"grid-item column grid_4\">\n\t<div class=\"article-wrap\">\n\t\t<article id=\"post-896\" class=\"post-896 post type-post status-publish format-standard has-post-thumbnail hentry category-tecnica-de-medicion\">\n\t\t\t<div class=\"featured-image-wrapper attachment-grid_4 wp-post-image thumbnail\"><div class=\"featured-image\"><div class=\"featured-image-inner\"><img loading=\"lazy\" decoding=\"async\" width=\"169\" height=\"152\" src=\"https:\/\/www.vedetech.cl\/wp-content\/uploads\/2014\/08\/metpointmma1.jpg\" class=\" wp-post-image\" alt=\"\" \/><\/div><!-- .featured-image-inner (end) --><\/div><!-- .featured-image (end) --><\/div><!-- .featured-image-wrapper (end) -->\t\t\t<div class=\"entry-content\">\n\t\t\t\t\t\t\t\t\t<h2 class=\"entry-title\"><a href=\"https:\/\/www.vedetech.cl\/?p=896\" title=\"METPOINT MMA\">METPOINT MMA<\/a><\/h2>\n\t\t\t\t\t\t\t\t\t\t\t\t\t<div class=\"excerpt\">\n\t\t\t\t\t\t\t\t\t\t\t<\/div>\n\t\t\t\t\t\t\t\t\t\t\t<\/div><!-- .entry-content -->\n\t\t<\/article><!-- #post-896 -->\n\t<\/div><!-- .article-wrap (end) -->\n<\/div><!-- .grid-item (end) --><div class=\"grid-item column grid_4 last\">\n\t<div class=\"article-wrap\">\n\t\t<article id=\"post-900\" class=\"post-900 post type-post status-publish format-standard has-post-thumbnail hentry category-tecnica-de-medicion\">\n\t\t\t<div class=\"featured-image-wrapper attachment-grid_4 wp-post-image thumbnail\"><div class=\"featured-image\"><div class=\"featured-image-inner\"><img loading=\"lazy\" decoding=\"async\" width=\"169\" height=\"152\" src=\"https:\/\/www.vedetech.cl\/wp-content\/uploads\/2014\/08\/ocv1.jpg\" class=\" wp-post-image\" alt=\"\" \/><\/div><!-- .featured-image-inner (end) --><\/div><!-- .featured-image (end) --><\/div><!-- .featured-image-wrapper (end) -->\t\t\t<div class=\"entry-content\">\n\t\t\t\t\t\t\t\t\t<h2 class=\"entry-title\"><a href=\"https:\/\/www.vedetech.cl\/?p=900\" title=\"METPOINT OCV\">METPOINT OCV<\/a><\/h2>\n\t\t\t\t\t\t\t\t\t\t\t\t\t<div class=\"excerpt\">\n\t\t\t\t\t\t\t\t\t\t\t<\/div>\n\t\t\t\t\t\t\t\t\t\t\t<\/div><!-- .entry-content -->\n\t\t<\/article><!-- #post-900 -->\n\t<\/div><!-- .article-wrap (end) -->\n<\/div><!-- .grid-item (end) --><div class=\"clear\"><\/div><\/div><!-- .grid-row (end) --><div class=\"grid-row\"><div class=\"grid-item column grid_4\">\n\t<div class=\"article-wrap\">\n\t\t<article id=\"post-904\" class=\"post-904 post type-post status-publish format-standard has-post-thumbnail hentry category-tecnica-de-medicion\">\n\t\t\t<div class=\"featured-image-wrapper attachment-grid_4 wp-post-image thumbnail\"><div class=\"featured-image\"><div class=\"featured-image-inner\"><img loading=\"lazy\" decoding=\"async\" width=\"169\" height=\"152\" src=\"https:\/\/www.vedetech.cl\/wp-content\/uploads\/2014\/08\/valvulas1.jpg\" class=\" wp-post-image\" alt=\"\" \/><\/div><!-- .featured-image-inner (end) --><\/div><!-- .featured-image (end) --><\/div><!-- .featured-image-wrapper (end) -->\t\t\t<div class=\"entry-content\">\n\t\t\t\t\t\t\t\t\t<h2 class=\"entry-title\"><a href=\"https:\/\/www.vedetech.cl\/?p=904\" title=\"V\u00e1lvulas de Presi\u00f3n M\u00ednima\">V\u00e1lvulas de Presi\u00f3n M\u00ednima<\/a><\/h2>\n\t\t\t\t\t\t\t\t\t\t\t\t\t<div class=\"excerpt\">\n\t\t\t\t\t\t\t\t\t\t\t<\/div>\n\t\t\t\t\t\t\t\t\t\t\t<\/div><!-- .entry-content -->\n\t\t<\/article><!-- #post-904 -->\n\t<\/div><!-- .article-wrap (end) -->\n<\/div><!-- .grid-item (end) --><div class=\"clear\"><\/div><\/div><!-- .grid-row (end) --><\/div><!-- .post_grid (end) --><\/div><!-- .grid-protection (end) --><\/div><!-- .element-inner-wrap (end) --><\/div><!-- .element-inner (end) --><\/div><!-- .element (end) -->\n","protected":false},"excerpt":{"rendered":"<p>La clave para el \u00e9xito en la optimizaci\u00f3n de redes de aire comprimido son los datos. El programa de t\u00e9cnica de medici\u00f3n METPOINT\u00ae\u00a0suministra una base de datos sobre la que valorar y asegurar la calidad del aire comprimido, as\u00ed como para identificar posibles factores generadores de costes. La t\u00e9cnica de medici\u00f3n tambi\u00e9n puede utilizarse al [&hellip;]<\/p>\n","protected":false},"author":1,"featured_media":0,"parent":0,"menu_order":0,"comment_status":"closed","ping_status":"open","template":"","meta":{"ngg_post_thumbnail":0,"_joinchat":[],"footnotes":""},"class_list":["post-908","page","type-page","status-publish","hentry"],"_links":{"self":[{"href":"https:\/\/www.vedetech.cl\/index.php?rest_route=\/wp\/v2\/pages\/908","targetHints":{"allow":["GET"]}}],"collection":[{"href":"https:\/\/www.vedetech.cl\/index.php?rest_route=\/wp\/v2\/pages"}],"about":[{"href":"https:\/\/www.vedetech.cl\/index.php?rest_route=\/wp\/v2\/types\/page"}],"author":[{"embeddable":true,"href":"https:\/\/www.vedetech.cl\/index.php?rest_route=\/wp\/v2\/users\/1"}],"replies":[{"embeddable":true,"href":"https:\/\/www.vedetech.cl\/index.php?rest_route=%2Fwp%2Fv2%2Fcomments&post=908"}],"version-history":[{"count":0,"href":"https:\/\/www.vedetech.cl\/index.php?rest_route=\/wp\/v2\/pages\/908\/revisions"}],"wp:attachment":[{"href":"https:\/\/www.vedetech.cl\/index.php?rest_route=%2Fwp%2Fv2%2Fmedia&parent=908"}],"curies":[{"name":"wp","href":"https:\/\/api.w.org\/{rel}","templated":true}]}}