{"id":925,"date":"2014-08-29T18:07:13","date_gmt":"2014-08-29T18:07:13","guid":{"rendered":"http:\/\/produccion.desarrollowebchile.cl\/proyectos\/charles\/vedetech\/?page_id=925"},"modified":"2014-08-29T18:07:13","modified_gmt":"2014-08-29T18:07:13","slug":"secado","status":"publish","type":"page","link":"https:\/\/www.vedetech.cl\/?page_id=925","title":{"rendered":"Secado"},"content":{"rendered":"<p style=\"text-align: justify;\">Junto a la filtraci\u00f3n, el secado es el procedimiento m\u00e1s importante para la seguridad de los procesos. La humedad en las redes de aire comprimido provoca corrosi\u00f3n, favorece la proliferaci\u00f3n de microorganismos y hace que escape condensado en los puntos de consumo. Esto supone un peligro constante para el desarrollo de los procesos, ya que pueden fallar los controladores neum\u00e1ticos, aumentar el desgaste de las m\u00e1quinas o producirse aver\u00edas en la producci\u00f3n.<\/p>\n<p>La tecnolog\u00eda de secado de aire comprimido\u00a0<strong>DRYPOINT<\/strong>\u00a0permite alcanzar una seguridad notablemente mejorada en los procesos, una ventaja para cualquier campo de aplicaci\u00f3n. La gama de productos de <strong>BEKO TECHNOLOGIES<\/strong> incluye secadores frigor\u00edficos, de adsorci\u00f3n y de membrana optimizados para cada aplicaci\u00f3n y dise\u00f1ados para vol\u00famenes de hasta 1.500 m\u00b3\/h. La oferta se completa con los secadores de adsorci\u00f3n regenerados en caliente\u00a0<strong>EVERDRY<\/strong>, concebidos para vol\u00famenes muy grandes, hasta 20.000 m\u00b3\/h.<\/p>\n<p>&nbsp;<\/p>\n<div class=\"element element-post_grid themeblvd-gallery boxed-layout\"><div class=\"element-inner\"><div class=\"element-inner-wrap\"><div class=\"grid-protection\"><div class=\"post_grid\"><div class=\"grid-row\"><div class=\"grid-item column grid_4\">\n\t<div class=\"article-wrap\">\n\t\t<article id=\"post-718\" class=\"post-718 post type-post status-publish format-standard has-post-thumbnail hentry category-secado\">\n\t\t\t<div class=\"featured-image-wrapper attachment-grid_4 wp-post-image thumbnail\"><div class=\"featured-image\"><div class=\"featured-image-inner\"><img loading=\"lazy\" decoding=\"async\" width=\"169\" height=\"152\" src=\"https:\/\/www.vedetech.cl\/wp-content\/uploads\/2014\/08\/drypoint-ac11.jpg\" class=\" wp-post-image\" alt=\"\" \/><\/div><!-- .featured-image-inner (end) --><\/div><!-- .featured-image (end) --><\/div><!-- .featured-image-wrapper (end) -->\t\t\t<div class=\"entry-content\">\n\t\t\t\t\t\t\t\t\t<h2 class=\"entry-title\"><a href=\"https:\/\/www.vedetech.cl\/?p=718\" title=\"DRYPOINT AC\">DRYPOINT AC<\/a><\/h2>\n\t\t\t\t\t\t\t\t\t\t\t\t\t<div class=\"excerpt\">\n\t\t\t\t\t\t<p>Galer\u00eda de Fotos &#8211; Drypoint AC<\/p>\n\t\t\t\t\t<\/div>\n\t\t\t\t\t\t\t\t\t\t\t<\/div><!-- .entry-content -->\n\t\t<\/article><!-- #post-718 -->\n\t<\/div><!-- .article-wrap (end) -->\n<\/div><!-- .grid-item (end) --><div class=\"grid-item column grid_4\">\n\t<div class=\"article-wrap\">\n\t\t<article id=\"post-789\" class=\"post-789 post type-post status-publish format-standard has-post-thumbnail hentry category-secado\">\n\t\t\t<div class=\"featured-image-wrapper attachment-grid_4 wp-post-image thumbnail\"><div class=\"featured-image\"><div class=\"featured-image-inner\"><img loading=\"lazy\" decoding=\"async\" width=\"169\" height=\"152\" src=\"https:\/\/www.vedetech.cl\/wp-content\/uploads\/2014\/08\/drypointachp1.jpg\" class=\" wp-post-image\" alt=\"\" \/><\/div><!-- .featured-image-inner (end) --><\/div><!-- .featured-image (end) --><\/div><!-- .featured-image-wrapper (end) -->\t\t\t<div class=\"entry-content\">\n\t\t\t\t\t\t\t\t\t<h2 class=\"entry-title\"><a href=\"https:\/\/www.vedetech.cl\/?p=789\" title=\"DRYPOINT AC HP\">DRYPOINT AC HP<\/a><\/h2>\n\t\t\t\t\t\t\t\t\t\t\t\t\t<div class=\"excerpt\">\n\t\t\t\t\t\t\t\t\t\t\t<\/div>\n\t\t\t\t\t\t\t\t\t\t\t<\/div><!-- .entry-content -->\n\t\t<\/article><!-- #post-789 -->\n\t<\/div><!-- .article-wrap (end) -->\n<\/div><!-- .grid-item (end) --><div class=\"grid-item column grid_4 last\">\n\t<div class=\"article-wrap\">\n\t\t<article id=\"post-793\" class=\"post-793 post type-post status-publish format-standard has-post-thumbnail hentry category-secado\">\n\t\t\t<div class=\"featured-image-wrapper attachment-grid_4 wp-post-image thumbnail\"><div class=\"featured-image\"><div class=\"featured-image-inner\"><img loading=\"lazy\" decoding=\"async\" width=\"169\" height=\"152\" src=\"https:\/\/www.vedetech.cl\/wp-content\/uploads\/2014\/08\/drypointmplus1.jpg\" class=\" wp-post-image\" alt=\"\" \/><\/div><!-- .featured-image-inner (end) --><\/div><!-- .featured-image (end) --><\/div><!-- .featured-image-wrapper (end) -->\t\t\t<div class=\"entry-content\">\n\t\t\t\t\t\t\t\t\t<h2 class=\"entry-title\"><a href=\"https:\/\/www.vedetech.cl\/?p=793\" title=\"DRYPOINT M PLUS\">DRYPOINT M PLUS<\/a><\/h2>\n\t\t\t\t\t\t\t\t\t\t\t\t\t<div class=\"excerpt\">\n\t\t\t\t\t\t<p>Galer\u00eda de Fotos &#8211; Drypoint M PLUS<\/p>\n\t\t\t\t\t<\/div>\n\t\t\t\t\t\t\t\t\t\t\t<\/div><!-- .entry-content -->\n\t\t<\/article><!-- #post-793 -->\n\t<\/div><!-- .article-wrap (end) -->\n<\/div><!-- .grid-item (end) --><div class=\"clear\"><\/div><\/div><!-- .grid-row (end) --><div class=\"grid-row\"><div class=\"grid-item column grid_4\">\n\t<div class=\"article-wrap\">\n\t\t<article id=\"post-822\" class=\"post-822 post type-post status-publish format-standard has-post-thumbnail hentry category-secado\">\n\t\t\t<div class=\"featured-image-wrapper attachment-grid_4 wp-post-image thumbnail\"><div class=\"featured-image\"><div class=\"featured-image-inner\"><img loading=\"lazy\" decoding=\"async\" width=\"169\" height=\"152\" src=\"https:\/\/www.vedetech.cl\/wp-content\/uploads\/2014\/08\/drypointra1.jpg\" class=\" wp-post-image\" alt=\"\" \/><\/div><!-- .featured-image-inner (end) --><\/div><!-- .featured-image (end) --><\/div><!-- .featured-image-wrapper (end) -->\t\t\t<div class=\"entry-content\">\n\t\t\t\t\t\t\t\t\t<h2 class=\"entry-title\"><a href=\"https:\/\/www.vedetech.cl\/?p=822\" title=\"DRYPOINT RA\">DRYPOINT RA<\/a><\/h2>\n\t\t\t\t\t\t\t\t\t\t\t\t\t<div class=\"excerpt\">\n\t\t\t\t\t\t<p>Galer\u00eda de Fotos &#8211; Drypoint RA<\/p>\n\t\t\t\t\t<\/div>\n\t\t\t\t\t\t\t\t\t\t\t<\/div><!-- .entry-content -->\n\t\t<\/article><!-- #post-822 -->\n\t<\/div><!-- .article-wrap (end) -->\n<\/div><!-- .grid-item (end) --><div class=\"grid-item column grid_4\">\n\t<div class=\"article-wrap\">\n\t\t<article id=\"post-864\" class=\"post-864 post type-post status-publish format-standard has-post-thumbnail hentry category-secado\">\n\t\t\t<div class=\"featured-image-wrapper attachment-grid_4 wp-post-image thumbnail\"><div class=\"featured-image\"><div class=\"featured-image-inner\"><img loading=\"lazy\" decoding=\"async\" width=\"169\" height=\"152\" src=\"https:\/\/www.vedetech.cl\/wp-content\/uploads\/2014\/08\/everdry11.jpg\" class=\" wp-post-image\" alt=\"\" \/><\/div><!-- .featured-image-inner (end) --><\/div><!-- .featured-image (end) --><\/div><!-- .featured-image-wrapper (end) -->\t\t\t<div class=\"entry-content\">\n\t\t\t\t\t\t\t\t\t<h2 class=\"entry-title\"><a href=\"https:\/\/www.vedetech.cl\/?p=864\" title=\"EVERDRY\">EVERDRY<\/a><\/h2>\n\t\t\t\t\t\t\t\t\t\t\t\t\t<div class=\"excerpt\">\n\t\t\t\t\t\t\t\t\t\t\t<\/div>\n\t\t\t\t\t\t\t\t\t\t\t<\/div><!-- .entry-content -->\n\t\t<\/article><!-- #post-864 -->\n\t<\/div><!-- .article-wrap (end) -->\n<\/div><!-- .grid-item (end) --><div class=\"clear\"><\/div><\/div><!-- .grid-row (end) --><\/div><!-- .post_grid (end) --><\/div><!-- .grid-protection (end) --><\/div><!-- .element-inner-wrap (end) --><\/div><!-- .element-inner (end) --><\/div><!-- .element (end) -->\n","protected":false},"excerpt":{"rendered":"<p>Junto a la filtraci\u00f3n, el secado es el procedimiento m\u00e1s importante para la seguridad de los procesos. La humedad en las redes de aire comprimido provoca corrosi\u00f3n, favorece la proliferaci\u00f3n de microorganismos y hace que escape condensado en los puntos de consumo. Esto supone un peligro constante para el desarrollo de los procesos, ya que [&hellip;]<\/p>\n","protected":false},"author":1,"featured_media":0,"parent":0,"menu_order":0,"comment_status":"closed","ping_status":"open","template":"","meta":{"ngg_post_thumbnail":0,"_joinchat":[],"footnotes":""},"class_list":["post-925","page","type-page","status-publish","hentry"],"_links":{"self":[{"href":"https:\/\/www.vedetech.cl\/index.php?rest_route=\/wp\/v2\/pages\/925","targetHints":{"allow":["GET"]}}],"collection":[{"href":"https:\/\/www.vedetech.cl\/index.php?rest_route=\/wp\/v2\/pages"}],"about":[{"href":"https:\/\/www.vedetech.cl\/index.php?rest_route=\/wp\/v2\/types\/page"}],"author":[{"embeddable":true,"href":"https:\/\/www.vedetech.cl\/index.php?rest_route=\/wp\/v2\/users\/1"}],"replies":[{"embeddable":true,"href":"https:\/\/www.vedetech.cl\/index.php?rest_route=%2Fwp%2Fv2%2Fcomments&post=925"}],"version-history":[{"count":0,"href":"https:\/\/www.vedetech.cl\/index.php?rest_route=\/wp\/v2\/pages\/925\/revisions"}],"wp:attachment":[{"href":"https:\/\/www.vedetech.cl\/index.php?rest_route=%2Fwp%2Fv2%2Fmedia&parent=925"}],"curies":[{"name":"wp","href":"https:\/\/api.w.org\/{rel}","templated":true}]}}